{"id":219,"date":"2020-04-11T07:47:57","date_gmt":"2020-04-11T05:47:57","guid":{"rendered":"https:\/\/old3.commonsupport.com\/wp\/conexi\/?page_id=219"},"modified":"2022-09-13T22:12:36","modified_gmt":"2022-09-13T20:12:36","slug":"a-propos","status":"publish","type":"page","link":"https:\/\/wemoove34.com\/fr\/a-propos\/","title":{"rendered":"\u00c0 propos"},"content":{"rendered":"\t\t<div data-elementor-type=\"wp-page\" data-elementor-id=\"219\" class=\"elementor elementor-219\">\n\t\t\t\t\t\t<section class=\"elementor-section elementor-top-section elementor-element elementor-element-4575f8a0 elementor-section-stretched elementor-section-full_width elementor-section-height-min-height elementor-section-content-middle elementor-section-height-default elementor-section-items-middle\" data-id=\"4575f8a0\" data-element_type=\"section\" data-e-type=\"section\" data-settings=\"{&quot;stretch_section&quot;:&quot;section-stretched&quot;}\">\n\t\t\t\t\t\t<div class=\"elementor-container elementor-column-gap-no\">\n\t\t\t\t\t<div class=\"elementor-column elementor-col-100 elementor-top-column elementor-element elementor-element-66d4125\" data-id=\"66d4125\" data-element_type=\"column\" data-e-type=\"column\">\n\t\t\t<div class=\"elementor-widget-wrap elementor-element-populated\">\n\t\t\t\t\t\t<section class=\"elementor-section elementor-inner-section elementor-element elementor-element-edc43d1 elementor-section-boxed elementor-section-height-default elementor-section-height-default\" data-id=\"edc43d1\" data-element_type=\"section\" data-e-type=\"section\">\n\t\t\t\t\t\t<div class=\"elementor-container elementor-column-gap-default\">\n\t\t\t\t\t<div class=\"elementor-column elementor-col-50 elementor-inner-column elementor-element elementor-element-f51cc66\" data-id=\"f51cc66\" data-element_type=\"column\" data-e-type=\"column\">\n\t\t\t<div class=\"elementor-widget-wrap elementor-element-populated\">\n\t\t\t\t\t\t<div class=\"elementor-element elementor-element-31ece35 elementor-view-default elementor-widget elementor-widget-icon\" data-id=\"31ece35\" data-element_type=\"widget\" data-e-type=\"widget\" data-widget_type=\"icon.default\">\n\t\t\t\t<div class=\"elementor-widget-container\">\n\t\t\t\t\t\t\t<div class=\"elementor-icon-wrapper\">\n\t\t\t<div class=\"elementor-icon\">\n\t\t\t<i aria-hidden=\"true\" class=\"fas fa-car\"><\/i>\t\t\t<\/div>\n\t\t<\/div>\n\t\t\t\t\t\t<\/div>\n\t\t\t\t<\/div>\n\t\t\t\t<div class=\"elementor-element elementor-element-29afafe elementor-widget elementor-widget-heading\" data-id=\"29afafe\" data-element_type=\"widget\" data-e-type=\"widget\" data-widget_type=\"heading.default\">\n\t\t\t\t<div class=\"elementor-widget-container\">\n\t\t\t\t\t<h2 class=\"elementor-heading-title elementor-size-default\">Besoin d'un chauffeur ?<\/h2>\t\t\t\t<\/div>\n\t\t\t\t<\/div>\n\t\t\t\t<div class=\"elementor-element elementor-element-7d04b30 elementor-widget elementor-widget-heading\" data-id=\"7d04b30\" data-element_type=\"widget\" data-e-type=\"widget\" data-widget_type=\"heading.default\">\n\t\t\t\t<div class=\"elementor-widget-container\">\n\t\t\t\t\t<h2 class=\"elementor-heading-title elementor-size-default\">\u00c0 propos de nous...<\/h2>\t\t\t\t<\/div>\n\t\t\t\t<\/div>\n\t\t\t\t<div class=\"elementor-element elementor-element-1411aea elementor-widget elementor-widget-text-editor\" data-id=\"1411aea\" data-element_type=\"widget\" data-e-type=\"widget\" data-widget_type=\"text-editor.default\">\n\t\t\t\t<div class=\"elementor-widget-container\">\n\t\t\t\t\t\t\t\t\t<p>Soci\u00e9t\u00e9 de transport de personnes bas\u00e9e sur Montpellier, l\u2019\u00e9quipe Wemoove 34 est \u00e0 votre service pour tous vos d\u00e9placements dans l\u2019H\u00e9rault, qu\u2019ils soient priv\u00e9s, professionnels ou touristiques.<\/p><p>Notre \u00e9quipe tr\u00e8s professionnelle rendra vos trajets agr\u00e9ables, et cela, en toute s\u00e9curit\u00e9 !<\/p><p>Nos v\u00e9hicules haut de gamme r\u00e9pondront \u00e0 vos exigences en termes de confort et de s\u00e9curit\u00e9 et sont ainsi \u00e9quip\u00e9s des derni\u00e8res technologies de s\u00e9curit\u00e9 active et passive.<\/p>\t\t\t\t\t\t\t\t<\/div>\n\t\t\t\t<\/div>\n\t\t\t\t<div class=\"elementor-element elementor-element-11b34dd elementor-align-center elementor-widget elementor-widget-button\" data-id=\"11b34dd\" data-element_type=\"widget\" data-e-type=\"widget\" data-widget_type=\"button.default\">\n\t\t\t\t<div class=\"elementor-widget-container\">\n\t\t\t\t\t\t\t\t\t<div class=\"elementor-button-wrapper\">\n\t\t\t\t\t<a class=\"elementor-button elementor-button-link elementor-size-sm\" href=\"https:\/\/wemoove34.com\/service-de-chauffeurs-vtc-professionnels\/\">\n\t\t\t\t\t\t<span class=\"elementor-button-content-wrapper\">\n\t\t\t\t\t\t\t\t\t<span class=\"elementor-button-text\">En savoir +<\/span>\n\t\t\t\t\t<\/span>\n\t\t\t\t\t<\/a>\n\t\t\t\t<\/div>\n\t\t\t\t\t\t\t\t<\/div>\n\t\t\t\t<\/div>\n\t\t\t\t\t<\/div>\n\t\t<\/div>\n\t\t\t\t<div class=\"elementor-column elementor-col-50 elementor-inner-column elementor-element elementor-element-d875f16\" data-id=\"d875f16\" data-element_type=\"column\" data-e-type=\"column\">\n\t\t\t<div class=\"elementor-widget-wrap elementor-element-populated\">\n\t\t\t\t\t\t<div class=\"elementor-element elementor-element-0a55283 elementor-widget elementor-widget-image\" data-id=\"0a55283\" data-element_type=\"widget\" data-e-type=\"widget\" data-widget_type=\"image.default\">\n\t\t\t\t<div class=\"elementor-widget-container\">\n\t\t\t\t\t\t\t\t\t\t\t\t\t\t\t<img fetchpriority=\"high\" decoding=\"async\" width=\"525\" height=\"346\" src=\"https:\/\/wemoove34.com\/wp-content\/uploads\/2022\/09\/unknown_273144850_1000659224217659_347279948139072724_n-1024x674.jpg\" class=\"attachment-large size-large wp-image-1794\" alt=\"\" srcset=\"https:\/\/wemoove34.com\/wp-content\/uploads\/2022\/09\/unknown_273144850_1000659224217659_347279948139072724_n-1024x674.jpg 1024w, https:\/\/wemoove34.com\/wp-content\/uploads\/2022\/09\/unknown_273144850_1000659224217659_347279948139072724_n-600x395.jpg 600w, https:\/\/wemoove34.com\/wp-content\/uploads\/2022\/09\/unknown_273144850_1000659224217659_347279948139072724_n-300x197.jpg 300w, https:\/\/wemoove34.com\/wp-content\/uploads\/2022\/09\/unknown_273144850_1000659224217659_347279948139072724_n-768x506.jpg 768w, https:\/\/wemoove34.com\/wp-content\/uploads\/2022\/09\/unknown_273144850_1000659224217659_347279948139072724_n.jpg 1065w\" sizes=\"(max-width: 525px) 100vw, 525px\" \/>\t\t\t\t\t\t\t\t\t\t\t\t\t\t\t<\/div>\n\t\t\t\t<\/div>\n\t\t\t\t\t<\/div>\n\t\t<\/div>\n\t\t\t\t\t<\/div>\n\t\t<\/section>\n\t\t\t\t\t<\/div>\n\t\t<\/div>\n\t\t\t\t\t<\/div>\n\t\t<\/section>\n\t\t\t\t<section class=\"elementor-section elementor-top-section elementor-element elementor-element-6be3f11 elementor-section-stretched elementor-section-full_width elementor-section-height-default elementor-section-height-default\" data-id=\"6be3f11\" data-element_type=\"section\" data-e-type=\"section\" data-settings=\"{&quot;stretch_section&quot;:&quot;section-stretched&quot;}\">\n\t\t\t\t\t\t<div class=\"elementor-container elementor-column-gap-no\">\n\t\t\t\t\t<div class=\"elementor-column elementor-col-100 elementor-top-column elementor-element elementor-element-2c3c0f1\" data-id=\"2c3c0f1\" data-element_type=\"column\" data-e-type=\"column\">\n\t\t\t<div class=\"elementor-widget-wrap\">\n\t\t\t\t\t\t\t<\/div>\n\t\t<\/div>\n\t\t\t\t\t<\/div>\n\t\t<\/section>\n\t\t\t\t<section class=\"elementor-section elementor-top-section elementor-element elementor-element-b6537d2 elementor-section-height-min-height elementor-section-boxed elementor-section-height-default elementor-section-items-middle\" data-id=\"b6537d2\" data-element_type=\"section\" data-e-type=\"section\" data-settings=\"{&quot;background_background&quot;:&quot;classic&quot;}\">\n\t\t\t\t\t\t<div class=\"elementor-container elementor-column-gap-default\">\n\t\t\t\t\t<div class=\"elementor-column elementor-col-100 elementor-top-column elementor-element elementor-element-1d25429\" data-id=\"1d25429\" data-element_type=\"column\" data-e-type=\"column\">\n\t\t\t<div class=\"elementor-widget-wrap elementor-element-populated\">\n\t\t\t\t\t\t<div class=\"elementor-element elementor-element-10a4751 elementor-widget elementor-widget-heading\" data-id=\"10a4751\" data-element_type=\"widget\" data-e-type=\"widget\" data-widget_type=\"heading.default\">\n\t\t\t\t<div class=\"elementor-widget-container\">\n\t\t\t\t\t<h2 class=\"elementor-heading-title elementor-size-default\">Nous sommes disponible 24 h \/ 7 J<\/h2>\t\t\t\t<\/div>\n\t\t\t\t<\/div>\n\t\t\t\t<div class=\"elementor-element elementor-element-40a0556 elementor-widget elementor-widget-heading\" data-id=\"40a0556\" data-element_type=\"widget\" data-e-type=\"widget\" data-widget_type=\"heading.default\">\n\t\t\t\t<div class=\"elementor-widget-container\">\n\t\t\t\t\t<h2 class=\"elementor-heading-title elementor-size-default\">R\u00e9server maintenant votre chauffeur<br> pour votre prochaine course<\/h2>\t\t\t\t<\/div>\n\t\t\t\t<\/div>\n\t\t\t\t<div class=\"elementor-element elementor-element-a187799 elementor-align-center elementor-widget elementor-widget-button\" data-id=\"a187799\" data-element_type=\"widget\" data-e-type=\"widget\" data-widget_type=\"button.default\">\n\t\t\t\t<div class=\"elementor-widget-container\">\n\t\t\t\t\t\t\t\t\t<div class=\"elementor-button-wrapper\">\n\t\t\t\t\t<a class=\"elementor-button elementor-button-link elementor-size-sm\" href=\"https:\/\/wemoove34.com\/reservation\/\">\n\t\t\t\t\t\t<span class=\"elementor-button-content-wrapper\">\n\t\t\t\t\t\t\t\t\t<span class=\"elementor-button-text\">R\u00e9server un chauffeur<\/span>\n\t\t\t\t\t<\/span>\n\t\t\t\t\t<\/a>\n\t\t\t\t<\/div>\n\t\t\t\t\t\t\t\t<\/div>\n\t\t\t\t<\/div>\n\t\t\t\t\t<\/div>\n\t\t<\/div>\n\t\t\t\t\t<\/div>\n\t\t<\/section>\n\t\t\t\t<\/div>\n\t\t","protected":false},"excerpt":{"rendered":"<p>Besoin d&rsquo;un chauffeur ? \u00c0 propos de nous&#8230; Soci\u00e9t\u00e9 de transport de personnes bas\u00e9e sur Montpellier, l\u2019\u00e9quipe Wemoove 34 est \u00e0 votre service pour tous vos d\u00e9placements dans l\u2019H\u00e9rault, qu\u2019ils soient priv\u00e9s, professionnels ou touristiques. Notre \u00e9quipe tr\u00e8s professionnelle rendra vos trajets agr\u00e9ables, et cela, en toute s\u00e9curit\u00e9 ! Nos v\u00e9hicules haut de gamme r\u00e9pondront [&hellip;]<\/p>\n","protected":false},"author":2,"featured_media":0,"parent":0,"menu_order":0,"comment_status":"closed","ping_status":"closed","template":"tpl-default-elementor.php","meta":{"footnotes":""},"class_list":["post-219","page","type-page","status-publish","hentry"],"_links":{"self":[{"href":"https:\/\/wemoove34.com\/fr\/wp-json\/wp\/v2\/pages\/219","targetHints":{"allow":["GET"]}}],"collection":[{"href":"https:\/\/wemoove34.com\/fr\/wp-json\/wp\/v2\/pages"}],"about":[{"href":"https:\/\/wemoove34.com\/fr\/wp-json\/wp\/v2\/types\/page"}],"author":[{"embeddable":true,"href":"https:\/\/wemoove34.com\/fr\/wp-json\/wp\/v2\/users\/2"}],"replies":[{"embeddable":true,"href":"https:\/\/wemoove34.com\/fr\/wp-json\/wp\/v2\/comments?post=219"}],"version-history":[{"count":59,"href":"https:\/\/wemoove34.com\/fr\/wp-json\/wp\/v2\/pages\/219\/revisions"}],"predecessor-version":[{"id":2155,"href":"https:\/\/wemoove34.com\/fr\/wp-json\/wp\/v2\/pages\/219\/revisions\/2155"}],"wp:attachment":[{"href":"https:\/\/wemoove34.com\/fr\/wp-json\/wp\/v2\/media?parent=219"}],"curies":[{"name":"wp","href":"https:\/\/api.w.org\/{rel}","templated":true}]}}