{"id":260,"date":"2020-04-11T08:32:18","date_gmt":"2020-04-11T06:32:18","guid":{"rendered":"https:\/\/old3.commonsupport.com\/wp\/conexi\/?page_id=260"},"modified":"2022-09-13T21:52:57","modified_gmt":"2022-09-13T19:52:57","slug":"actualites","status":"publish","type":"page","link":"https:\/\/wemoove34.com\/de\/actualites\/","title":{"rendered":"Nachrichten"},"content":{"rendered":"<div data-elementor-type=\"wp-page\" data-elementor-id=\"260\" class=\"elementor elementor-260\">\n\t\t\t\t\t\t<section class=\"elementor-section elementor-top-section elementor-element elementor-element-48d26198 elementor-section-stretched elementor-section-full_width elementor-section-height-default elementor-section-height-default\" data-id=\"48d26198\" data-element_type=\"section\" data-e-type=\"section\" data-settings=\"{&quot;stretch_section&quot;:&quot;section-stretched&quot;}\">\n\t\t\t\t\t\t<div class=\"elementor-container elementor-column-gap-no\">\n\t\t\t\t\t<div class=\"elementor-column elementor-col-100 elementor-top-column elementor-element elementor-element-63d550af\" data-id=\"63d550af\" data-element_type=\"column\" data-e-type=\"column\">\n\t\t\t<div class=\"elementor-widget-wrap elementor-element-populated\">\n\t\t\t\t\t\t<div class=\"elementor-element elementor-element-74e1829 elementor-view-default elementor-widget elementor-widget-icon\" data-id=\"74e1829\" data-element_type=\"widget\" data-e-type=\"widget\" data-widget_type=\"icon.default\">\n\t\t\t\t<div class=\"elementor-widget-container\">\n\t\t\t\t\t\t\t<div class=\"elementor-icon-wrapper\">\n\t\t\t<div class=\"elementor-icon\">\n\t\t\t<i aria-hidden=\"true\" class=\"fab fa-microblog\"><\/i>\t\t\t<\/div>\n\t\t<\/div>\n\t\t\t\t\t\t<\/div>\n\t\t\t\t<\/div>\n\t\t\t\t<div class=\"elementor-element elementor-element-d3f354b elementor-widget elementor-widget-heading\" data-id=\"d3f354b\" data-element_type=\"widget\" data-e-type=\"widget\" data-widget_type=\"heading.default\">\n\t\t\t\t<div class=\"elementor-widget-container\">\n\t\t\t\t\t<h2 class=\"elementor-heading-title elementor-size-default\">Entdecken Sie alle unsere Nachrichten<\/h2>\t\t\t\t<\/div>\n\t\t\t\t<\/div>\n\t\t\t\t<div class=\"elementor-element elementor-element-befe7a6 elementor-widget elementor-widget-heading\" data-id=\"befe7a6\" data-element_type=\"widget\" data-e-type=\"widget\" data-widget_type=\"heading.default\">\n\t\t\t\t<div class=\"elementor-widget-container\">\n\t\t\t\t\t<h2 class=\"elementor-heading-title elementor-size-default\">Nachrichten<\/h2>\t\t\t\t<\/div>\n\t\t\t\t<\/div>\n\t\t\t\t\t<\/div>\n\t\t<\/div>\n\t\t\t\t\t<\/div>\n\t\t<\/section>\n\t\t\t\t<\/div>","protected":false},"excerpt":{"rendered":"<p>Entdecken Sie alle unsere Nachrichten Aktuelles 8. Juni 2022 by recreabox . Keine Kommentare Professioneller VTC-Fahrerservice Unser VTC-Transportunternehmen in Montpellier kann sich r\u00fchmen, einige der besten Privatfahrer im D\u00e9partement H\u00e9rault zu haben. Mit anderen Worten, wir verlangen von uns selbst ... 8. Juni 2022 by recreabox . Keine Kommentare Verf\u00fcgbar 24h [...].<\/p>","protected":false},"author":2,"featured_media":0,"parent":0,"menu_order":0,"comment_status":"closed","ping_status":"closed","template":"tpl-default-elementor.php","meta":{"footnotes":""},"class_list":["post-260","page","type-page","status-publish","hentry"],"_links":{"self":[{"href":"https:\/\/wemoove34.com\/de\/wp-json\/wp\/v2\/pages\/260","targetHints":{"allow":["GET"]}}],"collection":[{"href":"https:\/\/wemoove34.com\/de\/wp-json\/wp\/v2\/pages"}],"about":[{"href":"https:\/\/wemoove34.com\/de\/wp-json\/wp\/v2\/types\/page"}],"author":[{"embeddable":true,"href":"https:\/\/wemoove34.com\/de\/wp-json\/wp\/v2\/users\/2"}],"replies":[{"embeddable":true,"href":"https:\/\/wemoove34.com\/de\/wp-json\/wp\/v2\/comments?post=260"}],"version-history":[{"count":13,"href":"https:\/\/wemoove34.com\/de\/wp-json\/wp\/v2\/pages\/260\/revisions"}],"predecessor-version":[{"id":2146,"href":"https:\/\/wemoove34.com\/de\/wp-json\/wp\/v2\/pages\/260\/revisions\/2146"}],"wp:attachment":[{"href":"https:\/\/wemoove34.com\/de\/wp-json\/wp\/v2\/media?parent=260"}],"curies":[{"name":"wp","href":"https:\/\/api.w.org\/{rel}","templated":true}]}}